{"id":865,"date":"2021-11-29T10:12:37","date_gmt":"2021-11-29T09:12:37","guid":{"rendered":"https:\/\/www.pizza-bande.de\/pizza-co\/"},"modified":"2022-03-01T08:42:04","modified_gmt":"2022-03-01T07:42:04","slug":"pizza-co","status":"publish","type":"page","link":"https:\/\/www.pizza-bande.de\/en\/pizza-co\/","title":{"rendered":"Pizza &amp; more"},"content":{"rendered":"\t\t<div data-elementor-type=\"wp-page\" data-elementor-id=\"865\" class=\"elementor elementor-865\">\n\t\t\t\t\t\t<section class=\"elementor-section elementor-top-section elementor-element elementor-element-1bf1e53 elementor-section-stretched elementor-section-boxed elementor-section-height-default elementor-section-height-default\" data-id=\"1bf1e53\" data-element_type=\"section\" data-settings=\"{&quot;stretch_section&quot;:&quot;section-stretched&quot;,&quot;background_background&quot;:&quot;classic&quot;}\">\n\t\t\t\t\t\t<div class=\"elementor-container elementor-column-gap-default\">\n\t\t\t\t\t<div class=\"elementor-column elementor-col-100 elementor-top-column elementor-element elementor-element-1a7cbe7\" data-id=\"1a7cbe7\" data-element_type=\"column\">\n\t\t\t<div class=\"elementor-widget-wrap elementor-element-populated\">\n\t\t\t\t\t\t<div class=\"elementor-element elementor-element-9ddbcc4 elementor-widget elementor-widget-heading\" data-id=\"9ddbcc4\" data-element_type=\"widget\" data-widget_type=\"heading.default\">\n\t\t\t\t<div class=\"elementor-widget-container\">\n\t\t\t<style>\/*! elementor - v3.23.0 - 05-08-2024 *\/\n.elementor-heading-title{padding:0;margin:0;line-height:1}.elementor-widget-heading .elementor-heading-title[class*=elementor-size-]>a{color:inherit;font-size:inherit;line-height:inherit}.elementor-widget-heading .elementor-heading-title.elementor-size-small{font-size:15px}.elementor-widget-heading .elementor-heading-title.elementor-size-medium{font-size:19px}.elementor-widget-heading .elementor-heading-title.elementor-size-large{font-size:29px}.elementor-widget-heading .elementor-heading-title.elementor-size-xl{font-size:39px}.elementor-widget-heading .elementor-heading-title.elementor-size-xxl{font-size:59px}<\/style><h1 class=\"elementor-heading-title elementor-size-default\">Our latest special pizzas<\/h1>\t\t<\/div>\n\t\t\t\t<\/div>\n\t\t\t\t<div class=\"elementor-element elementor-element-b9b3dba subhead elementor-widget elementor-widget-text-editor\" data-id=\"b9b3dba\" data-element_type=\"widget\" data-widget_type=\"text-editor.default\">\n\t\t\t\t<div class=\"elementor-widget-container\">\n\t\t\t<style>\/*! elementor - v3.23.0 - 05-08-2024 *\/\n.elementor-widget-text-editor.elementor-drop-cap-view-stacked .elementor-drop-cap{background-color:#69727d;color:#fff}.elementor-widget-text-editor.elementor-drop-cap-view-framed .elementor-drop-cap{color:#69727d;border:3px solid;background-color:transparent}.elementor-widget-text-editor:not(.elementor-drop-cap-view-default) .elementor-drop-cap{margin-top:8px}.elementor-widget-text-editor:not(.elementor-drop-cap-view-default) .elementor-drop-cap-letter{width:1em;height:1em}.elementor-widget-text-editor .elementor-drop-cap{float:left;text-align:center;line-height:1;font-size:50px}.elementor-widget-text-editor .elementor-drop-cap-letter{display:inline-block}<\/style>\t\t\t\t<p>Always new, always delicious &#8211; and of course also for vegans!<\/p>\n\t\t\t\t\t\t<\/div>\n\t\t\t\t<\/div>\n\t\t\t\t<div class=\"elementor-element elementor-element-de7b5f4 elementor-widget elementor-widget-text-editor\" data-id=\"de7b5f4\" data-element_type=\"widget\" data-widget_type=\"text-editor.default\">\n\t\t\t\t<div class=\"elementor-widget-container\">\n\t\t\t\t\t\t\t<p>Our unique special pizzas &#8211; You will regularly find new, exciting pizza creations on our menu. Of course, <strong class=\"green\">vegan pizza variants<\/strong> are always included. This is pizza like you&#8217;ve never eaten before! And you can only find them like this at the Pizza-Bande in Hamburg. So stop by quickly and try the current special pizzas before they are replaced again with new creations!<\/p>\n\t\t\t\t\t\t<\/div>\n\t\t\t\t<\/div>\n\t\t\t\t\t<\/div>\n\t\t<\/div>\n\t\t\t\t\t<\/div>\n\t\t<\/section>\n\t\t\t\t<section class=\"elementor-section elementor-top-section elementor-element elementor-element-9e60b07 elementor-section-stretched elementor-section-boxed elementor-section-height-default elementor-section-height-default\" data-id=\"9e60b07\" data-element_type=\"section\" data-settings=\"{&quot;stretch_section&quot;:&quot;section-stretched&quot;,&quot;background_background&quot;:&quot;classic&quot;}\">\n\t\t\t\t\t\t<div class=\"elementor-container elementor-column-gap-default\">\n\t\t\t\t\t<div class=\"elementor-column elementor-col-33 elementor-top-column elementor-element elementor-element-cf036b8\" data-id=\"cf036b8\" data-element_type=\"column\">\n\t\t\t<div class=\"elementor-widget-wrap elementor-element-populated\">\n\t\t\t\t\t\t<div class=\"elementor-element elementor-element-9c6ba21 elementor-widget elementor-widget-image\" data-id=\"9c6ba21\" data-element_type=\"widget\" data-widget_type=\"image.default\">\n\t\t\t\t<div class=\"elementor-widget-container\">\n\t\t\t<style>\/*! elementor - v3.23.0 - 05-08-2024 *\/\n.elementor-widget-image{text-align:center}.elementor-widget-image a{display:inline-block}.elementor-widget-image a img[src$=\".svg\"]{width:48px}.elementor-widget-image img{vertical-align:middle;display:inline-block}<\/style>\t\t\t\t\t\t\t\t\t\t\t<a href=\"https:\/\/www.pizza-bande.de\/wp-content\/uploads\/2021\/11\/feige-ziege.jpg\" data-elementor-open-lightbox=\"yes\" data-elementor-lightbox-title=\"Feige Ziege\" data-elementor-lightbox-description=\"Ziegenfrischk\u00e4secreme, Feigen, Bacon, Ziegenk\u00e4se, eingelegte Zwiebeln, Honig\" data-e-action-hash=\"#elementor-action%3Aaction%3Dlightbox%26settings%3DeyJpZCI6MTM1LCJ1cmwiOiJodHRwczpcL1wvd3d3LnBpenphLWJhbmRlLmRlXC93cC1jb250ZW50XC91cGxvYWRzXC8yMDIxXC8xMVwvZmVpZ2UtemllZ2UuanBnIn0%3D\">\n\t\t\t\t\t\t\t<img fetchpriority=\"high\" decoding=\"async\" width=\"1024\" height=\"683\" src=\"https:\/\/www.pizza-bande.de\/wp-content\/uploads\/2021\/11\/feige-ziege-1024x683.jpg\" class=\"attachment-large size-large wp-image-135\" alt=\"Feige Ziege\" srcset=\"https:\/\/www.pizza-bande.de\/wp-content\/uploads\/2021\/11\/feige-ziege-1024x683.jpg 1024w, https:\/\/www.pizza-bande.de\/wp-content\/uploads\/2021\/11\/feige-ziege-300x200.jpg 300w, https:\/\/www.pizza-bande.de\/wp-content\/uploads\/2021\/11\/feige-ziege-768x512.jpg 768w, https:\/\/www.pizza-bande.de\/wp-content\/uploads\/2021\/11\/feige-ziege-930x620.jpg 930w, https:\/\/www.pizza-bande.de\/wp-content\/uploads\/2021\/11\/feige-ziege-600x400.jpg 600w, https:\/\/www.pizza-bande.de\/wp-content\/uploads\/2021\/11\/feige-ziege.jpg 1200w\" sizes=\"(max-width: 1024px) 100vw, 1024px\" \/>\t\t\t\t\t\t\t\t<\/a>\n\t\t\t\t\t\t\t\t\t\t\t\t\t<\/div>\n\t\t\t\t<\/div>\n\t\t\t\t<div class=\"elementor-element elementor-element-428b253 elementor-widget elementor-widget-text-editor\" data-id=\"428b253\" data-element_type=\"widget\" data-widget_type=\"text-editor.default\">\n\t\t\t\t<div class=\"elementor-widget-container\">\n\t\t\t\t\t\t\t<h3>Feige Ziege<\/h3>\n<p>Cream of fresh goat cheese, figs, bacon, goat cheese, pickled onions, honey<\/p>\n\t\t\t\t\t\t<\/div>\n\t\t\t\t<\/div>\n\t\t\t\t\t<\/div>\n\t\t<\/div>\n\t\t\t\t<div class=\"elementor-column elementor-col-33 elementor-top-column elementor-element elementor-element-5829ad4\" data-id=\"5829ad4\" data-element_type=\"column\">\n\t\t\t<div class=\"elementor-widget-wrap elementor-element-populated\">\n\t\t\t\t\t\t<div class=\"elementor-element elementor-element-a1d0134 elementor-widget elementor-widget-image\" data-id=\"a1d0134\" data-element_type=\"widget\" data-widget_type=\"image.default\">\n\t\t\t\t<div class=\"elementor-widget-container\">\n\t\t\t\t\t\t\t\t\t\t\t\t\t\t<a href=\"https:\/\/www.pizza-bande.de\/wp-content\/uploads\/2021\/11\/mr-parsley.jpg\" data-elementor-open-lightbox=\"yes\" data-elementor-lightbox-title=\"Mr. Parsley\" data-elementor-lightbox-description=\"Tomatenso\u00dfe, Mozzarella, K\u00fcrbis-Rote-Beete-Mix, Hirtenk\u00e4se, Gr\u00fcnkohl, Petersilien-Dressing\" data-e-action-hash=\"#elementor-action%3Aaction%3Dlightbox%26settings%3DeyJpZCI6MTM3LCJ1cmwiOiJodHRwczpcL1wvd3d3LnBpenphLWJhbmRlLmRlXC93cC1jb250ZW50XC91cGxvYWRzXC8yMDIxXC8xMVwvbXItcGFyc2xleS5qcGcifQ%3D%3D\">\n\t\t\t\t\t\t\t<img decoding=\"async\" width=\"1024\" height=\"683\" src=\"https:\/\/www.pizza-bande.de\/wp-content\/uploads\/2021\/11\/mr-parsley-1024x683.jpg\" class=\"attachment-large size-large wp-image-137\" alt=\"Mr. Parsley\" srcset=\"https:\/\/www.pizza-bande.de\/wp-content\/uploads\/2021\/11\/mr-parsley-1024x683.jpg 1024w, https:\/\/www.pizza-bande.de\/wp-content\/uploads\/2021\/11\/mr-parsley-300x200.jpg 300w, https:\/\/www.pizza-bande.de\/wp-content\/uploads\/2021\/11\/mr-parsley-768x512.jpg 768w, https:\/\/www.pizza-bande.de\/wp-content\/uploads\/2021\/11\/mr-parsley-930x620.jpg 930w, https:\/\/www.pizza-bande.de\/wp-content\/uploads\/2021\/11\/mr-parsley-600x400.jpg 600w, https:\/\/www.pizza-bande.de\/wp-content\/uploads\/2021\/11\/mr-parsley.jpg 1200w\" sizes=\"(max-width: 1024px) 100vw, 1024px\" \/>\t\t\t\t\t\t\t\t<\/a>\n\t\t\t\t\t\t\t\t\t\t\t\t\t<\/div>\n\t\t\t\t<\/div>\n\t\t\t\t<div class=\"elementor-element elementor-element-cab339b elementor-widget elementor-widget-text-editor\" data-id=\"cab339b\" data-element_type=\"widget\" data-widget_type=\"text-editor.default\">\n\t\t\t\t<div class=\"elementor-widget-container\">\n\t\t\t\t\t\t\t<h3>Mr. Parsley<\/h3>\n<p>Tomato sauce, mozzarella, pumpkin beetroot mix, shepherd&#8217;s cheese, kale, parsley dressing<\/p>\n\t\t\t\t\t\t<\/div>\n\t\t\t\t<\/div>\n\t\t\t\t\t<\/div>\n\t\t<\/div>\n\t\t\t\t<div class=\"elementor-column elementor-col-33 elementor-top-column elementor-element elementor-element-49f329a\" data-id=\"49f329a\" data-element_type=\"column\">\n\t\t\t<div class=\"elementor-widget-wrap elementor-element-populated\">\n\t\t\t\t\t\t<div class=\"elementor-element elementor-element-cb9e263 elementor-widget elementor-widget-image\" data-id=\"cb9e263\" data-element_type=\"widget\" data-widget_type=\"image.default\">\n\t\t\t\t<div class=\"elementor-widget-container\">\n\t\t\t\t\t\t\t\t\t\t\t\t\t\t<a href=\"https:\/\/www.pizza-bande.de\/wp-content\/uploads\/2021\/11\/kuerbis-blow-2.jpg\" data-elementor-open-lightbox=\"yes\" data-elementor-lightbox-title=\"K\u00fcrbis Blow\" data-elementor-lightbox-description=\"K\u00fcrbis-Kokos-So\u00dfe, veg. K\u00e4se, Granatapfel, Wokgem\u00fcse, veg. Speckw\u00fcrfel, Koriander\" data-e-action-hash=\"#elementor-action%3Aaction%3Dlightbox%26settings%3DeyJpZCI6MTM2LCJ1cmwiOiJodHRwczpcL1wvd3d3LnBpenphLWJhbmRlLmRlXC93cC1jb250ZW50XC91cGxvYWRzXC8yMDIxXC8xMVwva3VlcmJpcy1ibG93LTIuanBnIn0%3D\">\n\t\t\t\t\t\t\t<img decoding=\"async\" width=\"1024\" height=\"683\" src=\"https:\/\/www.pizza-bande.de\/wp-content\/uploads\/2021\/11\/kuerbis-blow-2-1024x683.jpg\" class=\"attachment-large size-large wp-image-136\" alt=\"K\u00fcrbis Blow\" srcset=\"https:\/\/www.pizza-bande.de\/wp-content\/uploads\/2021\/11\/kuerbis-blow-2-1024x683.jpg 1024w, https:\/\/www.pizza-bande.de\/wp-content\/uploads\/2021\/11\/kuerbis-blow-2-300x200.jpg 300w, https:\/\/www.pizza-bande.de\/wp-content\/uploads\/2021\/11\/kuerbis-blow-2-768x512.jpg 768w, https:\/\/www.pizza-bande.de\/wp-content\/uploads\/2021\/11\/kuerbis-blow-2-930x620.jpg 930w, https:\/\/www.pizza-bande.de\/wp-content\/uploads\/2021\/11\/kuerbis-blow-2-600x400.jpg 600w, https:\/\/www.pizza-bande.de\/wp-content\/uploads\/2021\/11\/kuerbis-blow-2.jpg 1200w\" sizes=\"(max-width: 1024px) 100vw, 1024px\" \/>\t\t\t\t\t\t\t\t<\/a>\n\t\t\t\t\t\t\t\t\t\t\t\t\t<\/div>\n\t\t\t\t<\/div>\n\t\t\t\t<div class=\"elementor-element elementor-element-d9accb3 elementor-widget elementor-widget-text-editor\" data-id=\"d9accb3\" data-element_type=\"widget\" data-widget_type=\"text-editor.default\">\n\t\t\t\t<div class=\"elementor-widget-container\">\n\t\t\t\t\t\t\t<h3 class=\"green\">K\u00fcrbis Blow &#8211; vegan<\/h3>\n<p>Pumpkin coconut sauce, veg. cheese, pomegranate, wok vegetables, veg. bacon cubes, coriander<\/p>\n\t\t\t\t\t\t<\/div>\n\t\t\t\t<\/div>\n\t\t\t\t\t<\/div>\n\t\t<\/div>\n\t\t\t\t\t<\/div>\n\t\t<\/section>\n\t\t\t\t<section class=\"elementor-section elementor-top-section elementor-element elementor-element-3293ec6 elementor-section-stretched elementor-section-boxed elementor-section-height-default elementor-section-height-default\" data-id=\"3293ec6\" data-element_type=\"section\" data-settings=\"{&quot;stretch_section&quot;:&quot;section-stretched&quot;,&quot;background_background&quot;:&quot;classic&quot;}\">\n\t\t\t\t\t\t<div class=\"elementor-container elementor-column-gap-default\">\n\t\t\t\t\t<div class=\"elementor-column elementor-col-33 elementor-top-column elementor-element elementor-element-e3213cd\" data-id=\"e3213cd\" data-element_type=\"column\">\n\t\t\t<div class=\"elementor-widget-wrap elementor-element-populated\">\n\t\t\t\t\t\t<div class=\"elementor-element elementor-element-339a168 elementor-widget elementor-widget-image\" data-id=\"339a168\" data-element_type=\"widget\" data-widget_type=\"image.default\">\n\t\t\t\t<div class=\"elementor-widget-container\">\n\t\t\t\t\t\t\t\t\t\t\t\t\t\t<a href=\"https:\/\/www.pizza-bande.de\/wp-content\/uploads\/2021\/11\/texas-chainsow-mousaka.jpg\" data-elementor-open-lightbox=\"yes\" data-elementor-lightbox-title=\"Texas Chainsow Mousaka\" data-elementor-lightbox-description=\"Veg. Hackso\u00dfe, Auberginen, Kartoffelw\u00fcrfel, veg. Hefeschmelz\" data-e-action-hash=\"#elementor-action%3Aaction%3Dlightbox%26settings%3DeyJpZCI6MTM4LCJ1cmwiOiJodHRwczpcL1wvd3d3LnBpenphLWJhbmRlLmRlXC93cC1jb250ZW50XC91cGxvYWRzXC8yMDIxXC8xMVwvdGV4YXMtY2hhaW5zb3ctbW91c2FrYS5qcGcifQ%3D%3D\">\n\t\t\t\t\t\t\t<img loading=\"lazy\" decoding=\"async\" width=\"1024\" height=\"683\" src=\"https:\/\/www.pizza-bande.de\/wp-content\/uploads\/2021\/11\/texas-chainsow-mousaka-1024x683.jpg\" class=\"attachment-large size-large wp-image-138\" alt=\"Texas Chainsow Mousaka\" srcset=\"https:\/\/www.pizza-bande.de\/wp-content\/uploads\/2021\/11\/texas-chainsow-mousaka-1024x683.jpg 1024w, https:\/\/www.pizza-bande.de\/wp-content\/uploads\/2021\/11\/texas-chainsow-mousaka-300x200.jpg 300w, https:\/\/www.pizza-bande.de\/wp-content\/uploads\/2021\/11\/texas-chainsow-mousaka-768x512.jpg 768w, https:\/\/www.pizza-bande.de\/wp-content\/uploads\/2021\/11\/texas-chainsow-mousaka-930x620.jpg 930w, https:\/\/www.pizza-bande.de\/wp-content\/uploads\/2021\/11\/texas-chainsow-mousaka-600x400.jpg 600w, https:\/\/www.pizza-bande.de\/wp-content\/uploads\/2021\/11\/texas-chainsow-mousaka.jpg 1200w\" sizes=\"(max-width: 1024px) 100vw, 1024px\" \/>\t\t\t\t\t\t\t\t<\/a>\n\t\t\t\t\t\t\t\t\t\t\t\t\t<\/div>\n\t\t\t\t<\/div>\n\t\t\t\t<div class=\"elementor-element elementor-element-73fd0ab elementor-widget elementor-widget-text-editor\" data-id=\"73fd0ab\" data-element_type=\"widget\" data-widget_type=\"text-editor.default\">\n\t\t\t\t<div class=\"elementor-widget-container\">\n\t\t\t\t\t\t\t<h3 class=\"green\">Texas Chainsow-Mousaka &#8211; vegan<\/h3>\n<p>Vegan mince sauce, eggplants, potato cubes, vegan yeast melting<\/p>\n\t\t\t\t\t\t<\/div>\n\t\t\t\t<\/div>\n\t\t\t\t\t<\/div>\n\t\t<\/div>\n\t\t\t\t<div class=\"elementor-column elementor-col-33 elementor-top-column elementor-element elementor-element-0009410\" data-id=\"0009410\" data-element_type=\"column\">\n\t\t\t<div class=\"elementor-widget-wrap\">\n\t\t\t\t\t\t\t<\/div>\n\t\t<\/div>\n\t\t\t\t<div class=\"elementor-column elementor-col-33 elementor-top-column elementor-element elementor-element-b7d05bf\" data-id=\"b7d05bf\" data-element_type=\"column\">\n\t\t\t<div class=\"elementor-widget-wrap elementor-element-populated\">\n\t\t\t\t\t\t<div class=\"elementor-element elementor-element-da4bd7d elementor-align-justify elementor-widget elementor-widget-button\" data-id=\"da4bd7d\" data-element_type=\"widget\" data-widget_type=\"button.default\">\n\t\t\t\t<div class=\"elementor-widget-container\">\n\t\t\t\t\t<div class=\"elementor-button-wrapper\">\n\t\t\t<a class=\"elementor-button elementor-button-link elementor-size-lg\" href=\"https:\/\/www.pizza-bande.de\/en\/pizza-of-the-past\/\">\n\t\t\t\t\t\t<span class=\"elementor-button-content-wrapper\">\n\t\t\t\t\t\t\t\t\t<span class=\"elementor-button-text\">Get inspired<\/span>\n\t\t\t\t\t<\/span>\n\t\t\t\t\t<\/a>\n\t\t<\/div>\n\t\t\t\t<\/div>\n\t\t\t\t<\/div>\n\t\t\t\t<div class=\"elementor-element elementor-element-88d2649 elementor-align-justify elementor-widget elementor-widget-button\" data-id=\"88d2649\" data-element_type=\"widget\" data-widget_type=\"button.default\">\n\t\t\t\t<div class=\"elementor-widget-container\">\n\t\t\t\t\t<div class=\"elementor-button-wrapper\">\n\t\t\t<a class=\"elementor-button elementor-button-link elementor-size-lg\" href=\"https:\/\/www.pizza-bande.de\/en\/menu\/\">\n\t\t\t\t\t\t<span class=\"elementor-button-content-wrapper\">\n\t\t\t\t\t\t\t\t\t<span class=\"elementor-button-text\">Create your own pizza<\/span>\n\t\t\t\t\t<\/span>\n\t\t\t\t\t<\/a>\n\t\t<\/div>\n\t\t\t\t<\/div>\n\t\t\t\t<\/div>\n\t\t\t\t\t<\/div>\n\t\t<\/div>\n\t\t\t\t\t<\/div>\n\t\t<\/section>\n\t\t\t\t<\/div>\n\t\t","protected":false},"excerpt":{"rendered":"<p>Our latest special pizzas Always new, always delicious &#8211; and of course also for vegans! Our unique special pizzas &#8211; You will regularly find new, exciting pizza creations on our menu. Of course, vegan pizza variants are always included. This is pizza like you&#8217;ve never eaten before! And you can only find them like this&hellip;&nbsp;<a href=\"https:\/\/www.pizza-bande.de\/en\/pizza-co\/\" class=\"\" rel=\"bookmark\">Read More &raquo;<span class=\"screen-reader-text\">Pizza &amp; more<\/span><\/a><\/p>\n","protected":false},"author":1,"featured_media":1166,"parent":0,"menu_order":0,"comment_status":"closed","ping_status":"closed","template":"page-templates\/template-pagebuilder-full-width.php","meta":{"neve_meta_sidebar":"","neve_meta_container":"","neve_meta_enable_content_width":"","neve_meta_content_width":0,"neve_meta_title_alignment":"","neve_meta_author_avatar":"","neve_post_elements_order":"","neve_meta_disable_header":"","neve_meta_disable_footer":"","neve_meta_disable_title":"on","neve_meta_reading_time":"","footnotes":""},"yoast_head":"<!-- This site is optimized with the Yoast SEO plugin v24.4 - https:\/\/yoast.com\/wordpress\/plugins\/seo\/ -->\n<title>Special pizzas - classic, vegetarian or vegan pizza specialties<\/title>\n<meta name=\"description\" content=\"Regularly changing special pizzas: Whether classic, vegetarian or vegan pizza - with us in Hamburg everyone finds his favorite pizza!\" \/>\n<meta name=\"robots\" content=\"index, follow, max-snippet:-1, max-image-preview:large, max-video-preview:-1\" \/>\n<link rel=\"canonical\" href=\"https:\/\/www.pizza-bande.de\/en\/pizza-co\/\" \/>\n<meta property=\"og:locale\" content=\"en_US\" \/>\n<meta property=\"og:type\" content=\"article\" \/>\n<meta property=\"og:title\" content=\"Special pizzas - classic, vegetarian or vegan pizza specialties\" \/>\n<meta property=\"og:description\" content=\"Regularly changing special pizzas: Whether classic, vegetarian or vegan pizza - with us in Hamburg everyone finds his favorite pizza!\" \/>\n<meta property=\"og:url\" content=\"https:\/\/www.pizza-bande.de\/en\/pizza-co\/\" \/>\n<meta property=\"og:site_name\" content=\"Pizza Bande\" \/>\n<meta property=\"article:modified_time\" content=\"2022-03-01T07:42:04+00:00\" \/>\n<meta property=\"og:image\" content=\"https:\/\/www.pizza-bande.de\/wp-content\/uploads\/2021\/12\/header_spezialpizzen.jpg\" \/>\n\t<meta property=\"og:image:width\" content=\"2000\" \/>\n\t<meta property=\"og:image:height\" content=\"480\" \/>\n\t<meta property=\"og:image:type\" content=\"image\/jpeg\" \/>\n<script type=\"application\/ld+json\" class=\"yoast-schema-graph\">{\"@context\":\"https:\/\/schema.org\",\"@graph\":[{\"@type\":\"WebPage\",\"@id\":\"https:\/\/www.pizza-bande.de\/en\/pizza-co\/\",\"url\":\"https:\/\/www.pizza-bande.de\/en\/pizza-co\/\",\"name\":\"Special pizzas - classic, vegetarian or vegan pizza specialties\",\"isPartOf\":{\"@id\":\"https:\/\/www.pizza-bande.de\/en\/#website\"},\"primaryImageOfPage\":{\"@id\":\"https:\/\/www.pizza-bande.de\/en\/pizza-co\/#primaryimage\"},\"image\":{\"@id\":\"https:\/\/www.pizza-bande.de\/en\/pizza-co\/#primaryimage\"},\"thumbnailUrl\":\"https:\/\/www.pizza-bande.de\/wp-content\/uploads\/2021\/12\/header_spezialpizzen.jpg\",\"datePublished\":\"2021-11-29T09:12:37+00:00\",\"dateModified\":\"2022-03-01T07:42:04+00:00\",\"description\":\"Regularly changing special pizzas: Whether classic, vegetarian or vegan pizza - with us in Hamburg everyone finds his favorite pizza!\",\"breadcrumb\":{\"@id\":\"https:\/\/www.pizza-bande.de\/en\/pizza-co\/#breadcrumb\"},\"inLanguage\":\"en-US\",\"potentialAction\":[{\"@type\":\"ReadAction\",\"target\":[\"https:\/\/www.pizza-bande.de\/en\/pizza-co\/\"]}]},{\"@type\":\"ImageObject\",\"inLanguage\":\"en-US\",\"@id\":\"https:\/\/www.pizza-bande.de\/en\/pizza-co\/#primaryimage\",\"url\":\"https:\/\/www.pizza-bande.de\/wp-content\/uploads\/2021\/12\/header_spezialpizzen.jpg\",\"contentUrl\":\"https:\/\/www.pizza-bande.de\/wp-content\/uploads\/2021\/12\/header_spezialpizzen.jpg\",\"width\":2000,\"height\":480,\"caption\":\"Pizza Hamburg - vegan und vegetarisch\"},{\"@type\":\"BreadcrumbList\",\"@id\":\"https:\/\/www.pizza-bande.de\/en\/pizza-co\/#breadcrumb\",\"itemListElement\":[{\"@type\":\"ListItem\",\"position\":1,\"name\":\"Startseite\",\"item\":\"https:\/\/www.pizza-bande.de\/en\/startseite\/\"},{\"@type\":\"ListItem\",\"position\":2,\"name\":\"Pizza &amp; more\"}]},{\"@type\":\"WebSite\",\"@id\":\"https:\/\/www.pizza-bande.de\/en\/#website\",\"url\":\"https:\/\/www.pizza-bande.de\/en\/\",\"name\":\"Pizza Bande\",\"description\":\"Die beste Pizza in Hamburg\",\"potentialAction\":[{\"@type\":\"SearchAction\",\"target\":{\"@type\":\"EntryPoint\",\"urlTemplate\":\"https:\/\/www.pizza-bande.de\/en\/?s={search_term_string}\"},\"query-input\":{\"@type\":\"PropertyValueSpecification\",\"valueRequired\":true,\"valueName\":\"search_term_string\"}}],\"inLanguage\":\"en-US\"}]}<\/script>\n<!-- \/ Yoast SEO plugin. -->","yoast_head_json":{"title":"Special pizzas - classic, vegetarian or vegan pizza specialties","description":"Regularly changing special pizzas: Whether classic, vegetarian or vegan pizza - with us in Hamburg everyone finds his favorite pizza!","robots":{"index":"index","follow":"follow","max-snippet":"max-snippet:-1","max-image-preview":"max-image-preview:large","max-video-preview":"max-video-preview:-1"},"canonical":"https:\/\/www.pizza-bande.de\/en\/pizza-co\/","og_locale":"en_US","og_type":"article","og_title":"Special pizzas - classic, vegetarian or vegan pizza specialties","og_description":"Regularly changing special pizzas: Whether classic, vegetarian or vegan pizza - with us in Hamburg everyone finds his favorite pizza!","og_url":"https:\/\/www.pizza-bande.de\/en\/pizza-co\/","og_site_name":"Pizza Bande","article_modified_time":"2022-03-01T07:42:04+00:00","og_image":[{"width":2000,"height":480,"url":"https:\/\/www.pizza-bande.de\/wp-content\/uploads\/2021\/12\/header_spezialpizzen.jpg","type":"image\/jpeg"}],"schema":{"@context":"https:\/\/schema.org","@graph":[{"@type":"WebPage","@id":"https:\/\/www.pizza-bande.de\/en\/pizza-co\/","url":"https:\/\/www.pizza-bande.de\/en\/pizza-co\/","name":"Special pizzas - classic, vegetarian or vegan pizza specialties","isPartOf":{"@id":"https:\/\/www.pizza-bande.de\/en\/#website"},"primaryImageOfPage":{"@id":"https:\/\/www.pizza-bande.de\/en\/pizza-co\/#primaryimage"},"image":{"@id":"https:\/\/www.pizza-bande.de\/en\/pizza-co\/#primaryimage"},"thumbnailUrl":"https:\/\/www.pizza-bande.de\/wp-content\/uploads\/2021\/12\/header_spezialpizzen.jpg","datePublished":"2021-11-29T09:12:37+00:00","dateModified":"2022-03-01T07:42:04+00:00","description":"Regularly changing special pizzas: Whether classic, vegetarian or vegan pizza - with us in Hamburg everyone finds his favorite pizza!","breadcrumb":{"@id":"https:\/\/www.pizza-bande.de\/en\/pizza-co\/#breadcrumb"},"inLanguage":"en-US","potentialAction":[{"@type":"ReadAction","target":["https:\/\/www.pizza-bande.de\/en\/pizza-co\/"]}]},{"@type":"ImageObject","inLanguage":"en-US","@id":"https:\/\/www.pizza-bande.de\/en\/pizza-co\/#primaryimage","url":"https:\/\/www.pizza-bande.de\/wp-content\/uploads\/2021\/12\/header_spezialpizzen.jpg","contentUrl":"https:\/\/www.pizza-bande.de\/wp-content\/uploads\/2021\/12\/header_spezialpizzen.jpg","width":2000,"height":480,"caption":"Pizza Hamburg - vegan und vegetarisch"},{"@type":"BreadcrumbList","@id":"https:\/\/www.pizza-bande.de\/en\/pizza-co\/#breadcrumb","itemListElement":[{"@type":"ListItem","position":1,"name":"Startseite","item":"https:\/\/www.pizza-bande.de\/en\/startseite\/"},{"@type":"ListItem","position":2,"name":"Pizza &amp; more"}]},{"@type":"WebSite","@id":"https:\/\/www.pizza-bande.de\/en\/#website","url":"https:\/\/www.pizza-bande.de\/en\/","name":"Pizza Bande","description":"Die beste Pizza in Hamburg","potentialAction":[{"@type":"SearchAction","target":{"@type":"EntryPoint","urlTemplate":"https:\/\/www.pizza-bande.de\/en\/?s={search_term_string}"},"query-input":{"@type":"PropertyValueSpecification","valueRequired":true,"valueName":"search_term_string"}}],"inLanguage":"en-US"}]}},"_links":{"self":[{"href":"https:\/\/www.pizza-bande.de\/en\/wp-json\/wp\/v2\/pages\/865"}],"collection":[{"href":"https:\/\/www.pizza-bande.de\/en\/wp-json\/wp\/v2\/pages"}],"about":[{"href":"https:\/\/www.pizza-bande.de\/en\/wp-json\/wp\/v2\/types\/page"}],"author":[{"embeddable":true,"href":"https:\/\/www.pizza-bande.de\/en\/wp-json\/wp\/v2\/users\/1"}],"replies":[{"embeddable":true,"href":"https:\/\/www.pizza-bande.de\/en\/wp-json\/wp\/v2\/comments?post=865"}],"version-history":[{"count":5,"href":"https:\/\/www.pizza-bande.de\/en\/wp-json\/wp\/v2\/pages\/865\/revisions"}],"predecessor-version":[{"id":3027,"href":"https:\/\/www.pizza-bande.de\/en\/wp-json\/wp\/v2\/pages\/865\/revisions\/3027"}],"wp:featuredmedia":[{"embeddable":true,"href":"https:\/\/www.pizza-bande.de\/en\/wp-json\/wp\/v2\/media\/1166"}],"wp:attachment":[{"href":"https:\/\/www.pizza-bande.de\/en\/wp-json\/wp\/v2\/media?parent=865"}],"curies":[{"name":"wp","href":"https:\/\/api.w.org\/{rel}","templated":true}]}}